{"id":2048,"date":"2020-03-13T21:04:31","date_gmt":"2020-03-14T00:04:31","guid":{"rendered":"https:\/\/simimarketingdigital.com\/es\/terms-and-conditions\/"},"modified":"2021-06-21T00:56:56","modified_gmt":"2021-06-21T03:56:56","slug":"terminos-y-condiciones","status":"publish","type":"page","link":"https:\/\/simimarketingdigital.com\/es\/terminos-y-condiciones\/","title":{"rendered":"Terminos y Condiciones"},"content":{"rendered":"<blockquote style=\"margin: 0 0 0 40px; border: none; padding: 0px;\"><p style=\"margin: 0 0 0 40px; border: none; padding: 0px;\">T\u00e9rminos y Condiciones de Uso INFORMACI\u00d3N RELEVANTEES<\/p><p style=\"margin: 0 0 0 40px; border: none; padding: 0px;\">requisito necesario para la adquisici\u00f3n de los productos que se ofrecen en este sitio, que lea yacepte los siguientes T\u00e9rminos y Condiciones que a continuaci\u00f3n se redactan. El uso de nuestrosservicios as\u00ed como la compra de nuestros productos implicar\u00e1 que usted ha le\u00eddo y aceptado losT\u00e9rminos y Condiciones de Uso en el presente documento. Todas los productos que sonofrecidos por nuestro sitio web pudieran ser creadas, cobradas, enviadas o presentadas por unap\u00e1gina web tercera y en tal caso estar\u00edan sujetas a sus propios T\u00e9rminos y Condiciones. Enalgunos casos, para adquirir un producto, ser\u00e1 necesario el registro por parte del usuario, coningreso de datos personales fidedignos y definici\u00f3n de una contrase\u00f1a.El usuario puede elegir y cambiar la clave para su acceso de administraci\u00f3n de la cuenta encualquier momento, en caso de que se haya registrado y que sea necesario para la compra dealguno de nuestros productos. simimarketingdigital.com no asume la responsabilidad en caso deque entregue dicha clave a terceros.Todas las compras y transacciones que se lleven a cabo por medio de este sitio web, est\u00e1nsujetas a un proceso de confirmaci\u00f3n y verificaci\u00f3n, el cual podr\u00eda incluir la verificaci\u00f3n del stock ydisponibilidad de producto, validaci\u00f3n de la forma de pago, validaci\u00f3n de la factura (en caso deexistir) y el cumplimiento de las condiciones requeridas por el medio de pago seleccionado. Enalgunos casos puede que se requiera una verificaci\u00f3n por medio de correo electr\u00f3nico.Los precios de los productos ofrecidos en esta Tienda Online es v\u00e1lido solamente en las comprasrealizadas en este sitio web.LICENCIASIMI MARKETING DIGITAL a trav\u00e9s de su sitio web concede una licencia para que los usuariosutilicen los productos que son vendidos en este sitio web de acuerdo a los T\u00e9rminos yCondiciones que se describen en este documento.USO NO AUTORIZADOEn caso de que aplique (para venta de software, templetes, u otro producto de dise\u00f1o yprogramaci\u00f3n) usted no puede colocar uno de nuestros productos, modificado o sin modificar, enun CD, sitio web o ning\u00fan otro medio y ofrecerlos para la redistribuci\u00f3n o la reventa de ning\u00fan tipo.PROPIEDADUsted no puede declarar propiedad intelectual o exclusiva a ninguno de nuestros productos,modificado o sin modificar. Todos los productos son propiedad de los proveedores del contenido.En caso de que no se especifique lo contrario, nuestros productos se proporcionan sin ning\u00fantipo de garant\u00eda, expresa o impl\u00edcita. En ning\u00fan esta compa\u00f1\u00eda ser\u00e1 responsables de ning\u00fan da\u00f1oincluyendo, pero no limitado a, da\u00f1os directos, indirectos, especiales, fortuitos o consecuentes uotras p\u00e9rdidas resultantes del uso o de la imposibilidad de utilizar nuestros productos.POL\u00cdTICA DE REEMBOLSO Y GARANT\u00cdAEn el caso de productos que sean mercanc\u00edas irrevocables no-tangibles, no realizamosreembolsos despu\u00e9s de que se env\u00ede el producto, usted tiene la responsabilidad de entenderantes de comprarlo. Le pedimos que lea cuidadosamente antes de comprarlo. Hacemossolamente excepciones con esta regla cuando la descripci\u00f3n no se ajusta al producto. Hayalgunos productos que pudieran tener garant\u00eda y posibilidad de reembolso pero este ser\u00e1especificado al comprar el producto. En tales casos la garant\u00eda solo cubrir\u00e1 fallas de f\u00e1brica y s\u00f3lose har\u00e1 efectiva cuando el producto se haya usado correctamente. La garant\u00eda no cubre aver\u00edas oda\u00f1os ocasionados por uso indebido. Los t\u00e9rminos de la garant\u00eda est\u00e1n asociados a fallas defabricaci\u00f3n y funcionamiento en condiciones normales de los productos y s\u00f3lo se har\u00e1n efectivosestos t\u00e9rminos si el equipo ha sido usado correctamente. Esto incluye:\u2013 De acuerdo a las especificaciones t\u00e9cnicas indicadas para cada producto.\u2013 En condiciones ambientales acorde con las especificaciones indicadas por el fabricante.\u2013 En uso espec\u00edfico para la funci\u00f3n con que fue dise\u00f1ado de f\u00e1brica.\u2013 En condiciones de operaci\u00f3n el\u00e9ctricas acorde con las especificaciones y tolerancias indicadas.COMPROBACI\u00d3N ANTIFRAUDELa compra del cliente puede ser aplazada para la comprobaci\u00f3n antifraude. Tambi\u00e9n puede sersuspendida por m\u00e1s tiempo para una investigaci\u00f3n m\u00e1s rigurosa, para evitar transaccionesfraudulentas.PRIVACIDADEste sitio web simimarketingdigital.com garantiza que la informaci\u00f3n personal que usted env\u00edacuenta con la seguridad necesaria. Los datos ingresados por usuario o en el caso de requerir unavalidaci\u00f3n de los pedidos no ser\u00e1n entregados a terceros, salvo que deba ser revelada encumplimiento a una orden judicial o requerimientos legales.<\/p><p style=\"margin: 0 0 0 40px; border: none; padding: 0px;\"><br><\/p><p><span style=\"font-weight: 600;\">Comptartir en redes sociales<\/span><\/p><p><span arial\",sans-serif;color:black\"=\"\">Incorporamos un widget de Facebook para permitirle ver la cantidad de Me gusta \/ compartir \/ recomienda y \"Me gusta \/ compartir \/ recomendar\" nuestras p\u00e1ginas web. Este widget puede recopilar su direcci\u00f3n IP, el agente de usuario de su navegador web, almacenar y recuperar cookies en su navegador, incorporar un seguimiento adicional y monitorear su interacci\u00f3n con el widget, incluida la correlaci\u00f3n de su cuenta de Facebook con cualquier acci\u00f3n que realice dentro del widget (como \"Me gusta \/ compartir \/ recomendar\" nuestra p\u00e1gina web), si ha iniciado sesi\u00f3n en Facebook. Para obtener m\u00e1s informaci\u00f3n sobre c\u00f3mo se pueden utilizar estos datos, consulte la pol\u00edtica de privacidad de datos de Facebook: https:\/\/www.facebook.com\/about\/privacy\/update<br><\/span><\/p><p><span arial\",sans-serif;color:black\"=\"\"><br><\/span><\/p><p><span arial\",sans-serif;color:black\"=\"\">Usamos un widget de Twitter Tweet en nuestro sitio web. Como resultado, nuestro sitio web realiza solicitudes a los servidores de Twitter para que pueda twittear nuestras p\u00e1ginas web utilizando su cuenta de Twitter. Estas solicitudes hacen que su direcci\u00f3n IP sea visible para Twitter, quien puede usarla de acuerdo con su pol\u00edtica de privacidad de datos: https:\/\/twitter.com\/en\/privacy#update<br><\/span><\/p><p><span arial\",sans-serif;color:black\"=\"\"><br><\/span><\/p><p><span arial\",sans-serif;color:black\"=\"\">Usamos un widget de Linkedin Share en nuestro sitio web para permitirle compartir nuestras p\u00e1ginas web en Linkedin. Estas solicitudes pueden rastrear su direcci\u00f3n IP de acuerdo con su pol\u00edtica de privacidad de datos: https:\/\/www.linkedin.com\/legal\/privacy-policy<br><\/span><\/p><p><span arial\",sans-serif;color:black\"=\"\"><br><\/span><\/p><p><span arial\",sans-serif;color:black\"=\"\">Usamos el widget Guardar de Pinterest en nuestro sitio web para permitirle anclar im\u00e1genes a Pinterest desde nuestras p\u00e1ginas web. Estas solicitudes pueden rastrear su direcci\u00f3n IP de acuerdo con su pol\u00edtica de privacidad de datos: https:\/\/policy.pinterest.com\/en\/privacy-policy<\/span><\/p><p style=\"margin: 0 0 0 40px; border: none; padding: 0px;\"><br><\/p><p style=\"margin: 0 0 0 40px; border: none; padding: 0px;\">La suscripci\u00f3n a boletines de correos electr\u00f3nicos publicitarios es voluntaria y podr\u00eda serseleccionada al momento de crear su cuenta.SIMI MARKETING DIGITAL reserva los derechos de cambiar o de modificar estos t\u00e9rminos sinprevio aviso.<\/p><\/blockquote>","protected":false},"excerpt":{"rendered":"<p>T\u00e9rminos y Condiciones de Uso INFORMACI\u00d3N RELEVANTEESrequisito necesario para la adquisici\u00f3n de los productos que se ofrecen en este sitio, que lea yacepte los siguientes T\u00e9rminos y Condiciones que a continuaci\u00f3n se redactan. El uso de nuestrosservicios as\u00ed como la compra de nuestros productos implicar\u00e1 que usted ha le\u00eddo y aceptado losT\u00e9rminos y Condiciones de [&hellip;]<\/p>\n","protected":false},"author":1,"featured_media":0,"parent":0,"menu_order":0,"comment_status":"closed","ping_status":"closed","template":"","meta":{"postBodyCss":"","postBodyMargin":[],"postBodyPadding":[],"postBodyBackground":{"backgroundType":"classic","gradient":""},"site-sidebar-layout":"no-sidebar","site-content-layout":"default","ast-site-content-layout":"default","site-content-style":"default","site-sidebar-style":"default","ast-global-header-display":"","ast-banner-title-visibility":"","ast-main-header-display":"","ast-hfb-above-header-display":"","ast-hfb-below-header-display":"","ast-hfb-mobile-header-display":"","site-post-title":"","ast-breadcrumbs-content":"","ast-featured-img":"","footer-sml-layout":"","ast-disable-related-posts":"","theme-transparent-header-meta":"default","adv-header-id-meta":"","stick-header-meta":"","header-above-stick-meta":"","header-main-stick-meta":"","header-below-stick-meta":"","astra-migrate-meta-layouts":"default","ast-page-background-enabled":"default","ast-page-background-meta":{"desktop":{"background-color":"","background-image":"","background-repeat":"repeat","background-position":"center center","background-size":"auto","background-attachment":"scroll","background-type":"","background-media":"","overlay-type":"","overlay-color":"","overlay-opacity":"","overlay-gradient":""},"tablet":{"background-color":"","background-image":"","background-repeat":"repeat","background-position":"center center","background-size":"auto","background-attachment":"scroll","background-type":"","background-media":"","overlay-type":"","overlay-color":"","overlay-opacity":"","overlay-gradient":""},"mobile":{"background-color":"","background-image":"","background-repeat":"repeat","background-position":"center center","background-size":"auto","background-attachment":"scroll","background-type":"","background-media":"","overlay-type":"","overlay-color":"","overlay-opacity":"","overlay-gradient":""}},"ast-content-background-meta":{"desktop":{"background-color":"var(--ast-global-color-5)","background-image":"","background-repeat":"repeat","background-position":"center center","background-size":"auto","background-attachment":"scroll","background-type":"","background-media":"","overlay-type":"","overlay-color":"","overlay-opacity":"","overlay-gradient":""},"tablet":{"background-color":"var(--ast-global-color-5)","background-image":"","background-repeat":"repeat","background-position":"center center","background-size":"auto","background-attachment":"scroll","background-type":"","background-media":"","overlay-type":"","overlay-color":"","overlay-opacity":"","overlay-gradient":""},"mobile":{"background-color":"var(--ast-global-color-5)","background-image":"","background-repeat":"repeat","background-position":"center center","background-size":"auto","background-attachment":"scroll","background-type":"","background-media":"","overlay-type":"","overlay-color":"","overlay-opacity":"","overlay-gradient":""}},"ngg_post_thumbnail":0,"footnotes":""},"class_list":["post-2048","page","type-page","status-publish","hentry"],"_links":{"self":[{"href":"https:\/\/simimarketingdigital.com\/es\/wp-json\/wp\/v2\/pages\/2048","targetHints":{"allow":["GET"]}}],"collection":[{"href":"https:\/\/simimarketingdigital.com\/es\/wp-json\/wp\/v2\/pages"}],"about":[{"href":"https:\/\/simimarketingdigital.com\/es\/wp-json\/wp\/v2\/types\/page"}],"author":[{"embeddable":true,"href":"https:\/\/simimarketingdigital.com\/es\/wp-json\/wp\/v2\/users\/1"}],"replies":[{"embeddable":true,"href":"https:\/\/simimarketingdigital.com\/es\/wp-json\/wp\/v2\/comments?post=2048"}],"version-history":[{"count":0,"href":"https:\/\/simimarketingdigital.com\/es\/wp-json\/wp\/v2\/pages\/2048\/revisions"}],"wp:attachment":[{"href":"https:\/\/simimarketingdigital.com\/es\/wp-json\/wp\/v2\/media?parent=2048"}],"curies":[{"name":"wp","href":"https:\/\/api.w.org\/{rel}","templated":true}]}}